{"id":103,"date":"2023-07-17T10:28:57","date_gmt":"2023-07-17T10:28:57","guid":{"rendered":"https:\/\/mftprojektkezelo.hu\/?page_id=103"},"modified":"2023-07-17T10:28:58","modified_gmt":"2023-07-17T10:28:58","slug":"terms-of-service","status":"publish","type":"page","link":"https:\/\/mftprojektkezelo.hu\/index.php\/en\/terms-of-service\/","title":{"rendered":"Terms of Service"},"content":{"rendered":"\n<p>This website (the &#8220;Website&#8221;) and all information on the Website,<br>text, software, photographs, images, video, program code, graphics, sound and other materials<br>(collectively, the &#8220;Content&#8221;) is operated by Mft Plusz Bt.<br>members of the public solely for the lawful purposes described below.<\/p>\n\n\n\n<p>Acceptance of Terms and Conditions<br>By accessing, browsing and\/or using the Website, the visitor to the Website<br>(hereinafter referred to as &#8220;User&#8221;) accepts and agrees to be bound by these terms and conditions<br>(&#8220;Terms&#8221;) and to comply with applicable laws and regulations. A<br>The User declares that he\/she is entitled to accept these Terms and Conditions on his\/her own behalf or on behalf of a party represented by him\/her and to accept and apply these Terms and Conditions<br>You hereby declare that you accept these Terms and Conditions on behalf of yourself or any third party you represent. If any provision of these Terms is breached by any person or entity<br>laws, statutes, ordinances or other regulations of any state or any court of law, or by any final and binding<br>of any court or tribunal, shall not affect the validity or enforceability of any other provision of these Terms and<br>enforceability of the other provisions of these Terms.<br>If the User does not accept the above Terms and Conditions, the User may not use the<br>Website.<br>The Operator may change, modify or withdraw access at any time<br>or the content of the Site, and therefore the User must check the<br>Terms of Use for the Website.<br><\/p>\n\n\n\n<p>Access rights<br>The Operator may change the access rights to the Website at any time,<br>withdraw or terminate it.<\/p>\n\n\n\n<p>Terms and conditions for the use of the content<br>The Content is protected by copyright. Copyright \u00a9Operator All rights reserved. The entire Website<br>the Operator or the Operator&#8217;s company the right to use the Content.<br>intellectual property of any other entity that may use the Content.<br>The possibility of accessing the Website or any element of its content is reserved to the respective owners of the Website.<br>shall be construed as conferring any right or licence whatsoever in respect of the use of the<br>intellectual property appearing on the Website, either directly, indirectly or by attribution, or otherwise,<br>or the relevant third party without the written consent of the Operator or the relevant third party; and<br>unless otherwise expressly stated. The Operator shall not grant the User any express or implied right to use the Website<br>or implied right to use, in whole or in part, the intellectual property rights of the Operator or third parties<br>property displayed on the Website. The User shall not grant the Operator or the relevant third party<br>the Content in whole or in part without the prior written permission of the Operator or the third party,<br>reproduce (whether by creating links or by any other means), nor<br>modify, rent or lease, sell, create derivative works from, or create<br>derivative works, upload, transmit or distribute it.<\/p>\n\n\n\n<p>It is also prohibited to<br>to use the intellectual property on the Website, whether in its original or transcribed form, in any<br>in whole or in part, in any medium, or to store it on a computer.<br>The content of the Website may not be used in any manner that is unlawful or harmful to the reputation or business<br>or business interests of the Website.<br>Unless otherwise indicated by the Operator, the copyright in the material viewed or read on the Website is reserved.<br>protected by copyright and may not be used without the Operator&#8217;s written permission unless<br>the text on the Website does not provide otherwise. The images presented on the Website,<br>photographs and illustrations presented on the website are either the property of the Operator or have been<br>use them with permission. Any unauthorized use of the images is in violation of copyright laws,<br>trademarks, personal rights, advertising laws, communications regulations and laws<br>laws and regulations. Unauthorized use may result in criminal and civil penalties.<br>The Operator may demand the cessation of the infringement and compensation for damages.<\/p>\n\n\n\n<p>Contribution<br>The Operator consents to the use of the Website on a computer or mobile phone<br>browsing on a computer or mobile phone, or extracts solely for personal use &#8211; not for distribution<br>for the purpose of distribution. For copying for distribution purposes, please contact<br>Operator&#8217;s written consent. For the purposes of this Policy, distribution is<br>shall be deemed to constitute the further use of the reproduced part of the journal, its storage in a database, making available for download, commercialisation.<\/p>\n\n\n\n<p>Changes<br>The Operator may at any time, without notice, modify in whole or in part or<br>or remove the Content. The Operator may modify the Content posted herein from time to time by updating<br>these terms and conditions. By using the Website, the User agrees to be bound by the terms and conditions of this<br>to be bound by these changes and agrees to access this page regularly to<br>see what terms and conditions he\/she is obliged to comply with.<\/p>\n\n\n\n<p>External links<br>In order to provide its visitors with the most valuable content, the Operator may use various external links to provide you with information about the Website.<br>external websites from the website. When opening links to external sites<br>you must read and accept their terms of use before using them<br>terms and conditions of use.<\/p>\n","protected":false},"excerpt":{"rendered":"<p>This website (the &#8220;Website&#8221;) and all information on the Website,text, software, photographs, images, video, program code, graphics, sound and other materials(collectively, the &#8220;Content&#8221;) is operated by Mft Plusz Bt.members of&hellip;<a href=\"https:\/\/mftprojektkezelo.hu\/index.php\/en\/terms-of-service\/\" class=\"more-link\"><span class=\"more-button\">Continue reading<span class=\"screen-reader-text\">Terms of Service<\/span><\/span><\/a><\/p>\n","protected":false},"author":1,"featured_media":0,"parent":0,"menu_order":0,"comment_status":"closed","ping_status":"closed","template":"templates\/full-width-page.php","meta":{"footnotes":""},"class_list":["post-103","page","type-page","status-publish","hentry"],"yoast_head":"<!-- This site is optimized with the Yoast SEO plugin v27.2 - https:\/\/yoast.com\/product\/yoast-seo-wordpress\/ -->\n<title>Terms of Service - Mft ProjektKezel\u0151 Kft<\/title>\n<meta name=\"robots\" content=\"index, follow, max-snippet:-1, max-image-preview:large, max-video-preview:-1\" \/>\n<link rel=\"canonical\" href=\"https:\/\/mftprojektkezelo.hu\/index.php\/en\/terms-of-service\/\" \/>\n<meta property=\"og:locale\" content=\"en_US\" \/>\n<meta property=\"og:type\" content=\"article\" \/>\n<meta property=\"og:title\" content=\"Terms of Service - Mft ProjektKezel\u0151 Kft\" \/>\n<meta property=\"og:description\" content=\"This website (the &#8220;Website&#8221;) and all information on the Website,text, software, photographs, images, video, program code, graphics, sound and other materials(collectively, the &#8220;Content&#8221;) is operated by Mft Plusz Bt.members of&hellip;Continue readingTerms of Service\" \/>\n<meta property=\"og:url\" content=\"https:\/\/mftprojektkezelo.hu\/index.php\/en\/terms-of-service\/\" \/>\n<meta property=\"og:site_name\" content=\"Mft ProjektKezel\u0151 Kft\" \/>\n<meta property=\"article:publisher\" content=\"https:\/\/www.facebook.com\/jozsef.marosvolgyi.3\" \/>\n<meta property=\"article:modified_time\" content=\"2023-07-17T10:28:58+00:00\" \/>\n<meta name=\"twitter:card\" content=\"summary_large_image\" \/>\n<meta name=\"twitter:label1\" content=\"Est. reading time\" \/>\n\t<meta name=\"twitter:data1\" content=\"4 minutes\" \/>\n<script type=\"application\/ld+json\" class=\"yoast-schema-graph\">{\"@context\":\"https:\/\/schema.org\",\"@graph\":[{\"@type\":\"WebPage\",\"@id\":\"https:\/\/mftprojektkezelo.hu\/index.php\/en\/terms-of-service\/\",\"url\":\"https:\/\/mftprojektkezelo.hu\/index.php\/en\/terms-of-service\/\",\"name\":\"Terms of Service - Mft ProjektKezel\u0151 Kft\",\"isPartOf\":{\"@id\":\"https:\/\/mftprojektkezelo.hu\/#website\"},\"datePublished\":\"2023-07-17T10:28:57+00:00\",\"dateModified\":\"2023-07-17T10:28:58+00:00\",\"breadcrumb\":{\"@id\":\"https:\/\/mftprojektkezelo.hu\/index.php\/en\/terms-of-service\/#breadcrumb\"},\"inLanguage\":\"en-US\",\"potentialAction\":[{\"@type\":\"ReadAction\",\"target\":[\"https:\/\/mftprojektkezelo.hu\/index.php\/en\/terms-of-service\/\"]}]},{\"@type\":\"BreadcrumbList\",\"@id\":\"https:\/\/mftprojektkezelo.hu\/index.php\/en\/terms-of-service\/#breadcrumb\",\"itemListElement\":[{\"@type\":\"ListItem\",\"position\":1,\"name\":\"Home\",\"item\":\"https:\/\/mftprojektkezelo.hu\/\"},{\"@type\":\"ListItem\",\"position\":2,\"name\":\"Terms of Service\"}]},{\"@type\":\"WebSite\",\"@id\":\"https:\/\/mftprojektkezelo.hu\/#website\",\"url\":\"https:\/\/mftprojektkezelo.hu\/\",\"name\":\"Mft ProjektKezel\u0151 Kft\",\"description\":\"\u2026 j\u00f3 kezekben, az \u00d6n \u00e9rdek\u00e9ben \u2026\",\"potentialAction\":[{\"@type\":\"SearchAction\",\"target\":{\"@type\":\"EntryPoint\",\"urlTemplate\":\"https:\/\/mftprojektkezelo.hu\/?s={search_term_string}\"},\"query-input\":{\"@type\":\"PropertyValueSpecification\",\"valueRequired\":true,\"valueName\":\"search_term_string\"}}],\"inLanguage\":\"en-US\"}]}<\/script>\n<!-- \/ Yoast SEO plugin. -->","yoast_head_json":{"title":"Terms of Service - Mft ProjektKezel\u0151 Kft","robots":{"index":"index","follow":"follow","max-snippet":"max-snippet:-1","max-image-preview":"max-image-preview:large","max-video-preview":"max-video-preview:-1"},"canonical":"https:\/\/mftprojektkezelo.hu\/index.php\/en\/terms-of-service\/","og_locale":"en_US","og_type":"article","og_title":"Terms of Service - Mft ProjektKezel\u0151 Kft","og_description":"This website (the &#8220;Website&#8221;) and all information on the Website,text, software, photographs, images, video, program code, graphics, sound and other materials(collectively, the &#8220;Content&#8221;) is operated by Mft Plusz Bt.members of&hellip;Continue readingTerms of Service","og_url":"https:\/\/mftprojektkezelo.hu\/index.php\/en\/terms-of-service\/","og_site_name":"Mft ProjektKezel\u0151 Kft","article_publisher":"https:\/\/www.facebook.com\/jozsef.marosvolgyi.3","article_modified_time":"2023-07-17T10:28:58+00:00","twitter_card":"summary_large_image","twitter_misc":{"Est. reading time":"4 minutes"},"schema":{"@context":"https:\/\/schema.org","@graph":[{"@type":"WebPage","@id":"https:\/\/mftprojektkezelo.hu\/index.php\/en\/terms-of-service\/","url":"https:\/\/mftprojektkezelo.hu\/index.php\/en\/terms-of-service\/","name":"Terms of Service - Mft ProjektKezel\u0151 Kft","isPartOf":{"@id":"https:\/\/mftprojektkezelo.hu\/#website"},"datePublished":"2023-07-17T10:28:57+00:00","dateModified":"2023-07-17T10:28:58+00:00","breadcrumb":{"@id":"https:\/\/mftprojektkezelo.hu\/index.php\/en\/terms-of-service\/#breadcrumb"},"inLanguage":"en-US","potentialAction":[{"@type":"ReadAction","target":["https:\/\/mftprojektkezelo.hu\/index.php\/en\/terms-of-service\/"]}]},{"@type":"BreadcrumbList","@id":"https:\/\/mftprojektkezelo.hu\/index.php\/en\/terms-of-service\/#breadcrumb","itemListElement":[{"@type":"ListItem","position":1,"name":"Home","item":"https:\/\/mftprojektkezelo.hu\/"},{"@type":"ListItem","position":2,"name":"Terms of Service"}]},{"@type":"WebSite","@id":"https:\/\/mftprojektkezelo.hu\/#website","url":"https:\/\/mftprojektkezelo.hu\/","name":"Mft ProjektKezel\u0151 Kft","description":"\u2026 j\u00f3 kezekben, az \u00d6n \u00e9rdek\u00e9ben \u2026","potentialAction":[{"@type":"SearchAction","target":{"@type":"EntryPoint","urlTemplate":"https:\/\/mftprojektkezelo.hu\/?s={search_term_string}"},"query-input":{"@type":"PropertyValueSpecification","valueRequired":true,"valueName":"search_term_string"}}],"inLanguage":"en-US"}]}},"_links":{"self":[{"href":"https:\/\/mftprojektkezelo.hu\/index.php\/wp-json\/wp\/v2\/pages\/103","targetHints":{"allow":["GET"]}}],"collection":[{"href":"https:\/\/mftprojektkezelo.hu\/index.php\/wp-json\/wp\/v2\/pages"}],"about":[{"href":"https:\/\/mftprojektkezelo.hu\/index.php\/wp-json\/wp\/v2\/types\/page"}],"author":[{"embeddable":true,"href":"https:\/\/mftprojektkezelo.hu\/index.php\/wp-json\/wp\/v2\/users\/1"}],"replies":[{"embeddable":true,"href":"https:\/\/mftprojektkezelo.hu\/index.php\/wp-json\/wp\/v2\/comments?post=103"}],"version-history":[{"count":1,"href":"https:\/\/mftprojektkezelo.hu\/index.php\/wp-json\/wp\/v2\/pages\/103\/revisions"}],"predecessor-version":[{"id":104,"href":"https:\/\/mftprojektkezelo.hu\/index.php\/wp-json\/wp\/v2\/pages\/103\/revisions\/104"}],"wp:attachment":[{"href":"https:\/\/mftprojektkezelo.hu\/index.php\/wp-json\/wp\/v2\/media?parent=103"}],"curies":[{"name":"wp","href":"https:\/\/api.w.org\/{rel}","templated":true}]}}