{"id":105,"date":"2023-07-17T10:29:50","date_gmt":"2023-07-17T10:29:50","guid":{"rendered":"https:\/\/mftprojektkezelo.hu\/?page_id=105"},"modified":"2023-07-17T10:40:54","modified_gmt":"2023-07-17T10:40:54","slug":"about-us","status":"publish","type":"page","link":"https:\/\/mftprojektkezelo.hu\/index.php\/en\/about-us\/","title":{"rendered":"About us"},"content":{"rendered":"\n<p>Company registration number: 01 09 323437<br>Tax number: 12727726241<br>Provides storage space:<\/p>\n\n\n\n<ul class=\"wp-block-list\">\n<li>DotRoll Kft.<\/li>\n\n\n\n<li>1148 Budapest, Fogarasi \u00fat 3-5.<\/li>\n\n\n\n<li>support@dotroll.com\u0171<\/li>\n\n\n\n<li><a href=\"tel:+3614323232\">&nbsp;<\/a>+3614323232<\/li>\n<\/ul>\n","protected":false},"excerpt":{"rendered":"<p>Company registration number: 01 09 323437Tax number: 12727726241Provides storage space:<\/p>\n","protected":false},"author":1,"featured_media":0,"parent":0,"menu_order":0,"comment_status":"closed","ping_status":"closed","template":"templates\/full-width-page.php","meta":{"footnotes":""},"class_list":["post-105","page","type-page","status-publish","hentry"],"yoast_head":"<!-- This site is optimized with the Yoast SEO plugin v27.2 - https:\/\/yoast.com\/product\/yoast-seo-wordpress\/ -->\n<title>About us - Mft ProjektKezel\u0151 Kft<\/title>\n<meta name=\"robots\" content=\"index, follow, max-snippet:-1, max-image-preview:large, max-video-preview:-1\" \/>\n<link rel=\"canonical\" href=\"https:\/\/mftprojektkezelo.hu\/index.php\/en\/about-us\/\" \/>\n<meta property=\"og:locale\" content=\"en_US\" \/>\n<meta property=\"og:type\" content=\"article\" \/>\n<meta property=\"og:title\" content=\"About us - Mft ProjektKezel\u0151 Kft\" \/>\n<meta property=\"og:description\" content=\"Company registration number: 01 09 323437Tax number: 12727726241Provides storage space:\" \/>\n<meta property=\"og:url\" content=\"https:\/\/mftprojektkezelo.hu\/index.php\/en\/about-us\/\" \/>\n<meta property=\"og:site_name\" content=\"Mft ProjektKezel\u0151 Kft\" \/>\n<meta property=\"article:publisher\" content=\"https:\/\/www.facebook.com\/jozsef.marosvolgyi.3\" \/>\n<meta property=\"article:modified_time\" content=\"2023-07-17T10:40:54+00:00\" \/>\n<meta name=\"twitter:card\" content=\"summary_large_image\" \/>\n<script type=\"application\/ld+json\" class=\"yoast-schema-graph\">{\"@context\":\"https:\/\/schema.org\",\"@graph\":[{\"@type\":\"WebPage\",\"@id\":\"https:\/\/mftprojektkezelo.hu\/index.php\/en\/about-us\/\",\"url\":\"https:\/\/mftprojektkezelo.hu\/index.php\/en\/about-us\/\",\"name\":\"About us - Mft ProjektKezel\u0151 Kft\",\"isPartOf\":{\"@id\":\"https:\/\/mftprojektkezelo.hu\/#website\"},\"datePublished\":\"2023-07-17T10:29:50+00:00\",\"dateModified\":\"2023-07-17T10:40:54+00:00\",\"breadcrumb\":{\"@id\":\"https:\/\/mftprojektkezelo.hu\/index.php\/en\/about-us\/#breadcrumb\"},\"inLanguage\":\"en-US\",\"potentialAction\":[{\"@type\":\"ReadAction\",\"target\":[\"https:\/\/mftprojektkezelo.hu\/index.php\/en\/about-us\/\"]}]},{\"@type\":\"BreadcrumbList\",\"@id\":\"https:\/\/mftprojektkezelo.hu\/index.php\/en\/about-us\/#breadcrumb\",\"itemListElement\":[{\"@type\":\"ListItem\",\"position\":1,\"name\":\"Home\",\"item\":\"https:\/\/mftprojektkezelo.hu\/\"},{\"@type\":\"ListItem\",\"position\":2,\"name\":\"About us\"}]},{\"@type\":\"WebSite\",\"@id\":\"https:\/\/mftprojektkezelo.hu\/#website\",\"url\":\"https:\/\/mftprojektkezelo.hu\/\",\"name\":\"Mft ProjektKezel\u0151 Kft\",\"description\":\"\u2026 j\u00f3 kezekben, az \u00d6n \u00e9rdek\u00e9ben \u2026\",\"potentialAction\":[{\"@type\":\"SearchAction\",\"target\":{\"@type\":\"EntryPoint\",\"urlTemplate\":\"https:\/\/mftprojektkezelo.hu\/?s={search_term_string}\"},\"query-input\":{\"@type\":\"PropertyValueSpecification\",\"valueRequired\":true,\"valueName\":\"search_term_string\"}}],\"inLanguage\":\"en-US\"}]}<\/script>\n<!-- \/ Yoast SEO plugin. -->","yoast_head_json":{"title":"About us - Mft ProjektKezel\u0151 Kft","robots":{"index":"index","follow":"follow","max-snippet":"max-snippet:-1","max-image-preview":"max-image-preview:large","max-video-preview":"max-video-preview:-1"},"canonical":"https:\/\/mftprojektkezelo.hu\/index.php\/en\/about-us\/","og_locale":"en_US","og_type":"article","og_title":"About us - Mft ProjektKezel\u0151 Kft","og_description":"Company registration number: 01 09 323437Tax number: 12727726241Provides storage space:","og_url":"https:\/\/mftprojektkezelo.hu\/index.php\/en\/about-us\/","og_site_name":"Mft ProjektKezel\u0151 Kft","article_publisher":"https:\/\/www.facebook.com\/jozsef.marosvolgyi.3","article_modified_time":"2023-07-17T10:40:54+00:00","twitter_card":"summary_large_image","schema":{"@context":"https:\/\/schema.org","@graph":[{"@type":"WebPage","@id":"https:\/\/mftprojektkezelo.hu\/index.php\/en\/about-us\/","url":"https:\/\/mftprojektkezelo.hu\/index.php\/en\/about-us\/","name":"About us - Mft ProjektKezel\u0151 Kft","isPartOf":{"@id":"https:\/\/mftprojektkezelo.hu\/#website"},"datePublished":"2023-07-17T10:29:50+00:00","dateModified":"2023-07-17T10:40:54+00:00","breadcrumb":{"@id":"https:\/\/mftprojektkezelo.hu\/index.php\/en\/about-us\/#breadcrumb"},"inLanguage":"en-US","potentialAction":[{"@type":"ReadAction","target":["https:\/\/mftprojektkezelo.hu\/index.php\/en\/about-us\/"]}]},{"@type":"BreadcrumbList","@id":"https:\/\/mftprojektkezelo.hu\/index.php\/en\/about-us\/#breadcrumb","itemListElement":[{"@type":"ListItem","position":1,"name":"Home","item":"https:\/\/mftprojektkezelo.hu\/"},{"@type":"ListItem","position":2,"name":"About us"}]},{"@type":"WebSite","@id":"https:\/\/mftprojektkezelo.hu\/#website","url":"https:\/\/mftprojektkezelo.hu\/","name":"Mft ProjektKezel\u0151 Kft","description":"\u2026 j\u00f3 kezekben, az \u00d6n \u00e9rdek\u00e9ben \u2026","potentialAction":[{"@type":"SearchAction","target":{"@type":"EntryPoint","urlTemplate":"https:\/\/mftprojektkezelo.hu\/?s={search_term_string}"},"query-input":{"@type":"PropertyValueSpecification","valueRequired":true,"valueName":"search_term_string"}}],"inLanguage":"en-US"}]}},"_links":{"self":[{"href":"https:\/\/mftprojektkezelo.hu\/index.php\/wp-json\/wp\/v2\/pages\/105","targetHints":{"allow":["GET"]}}],"collection":[{"href":"https:\/\/mftprojektkezelo.hu\/index.php\/wp-json\/wp\/v2\/pages"}],"about":[{"href":"https:\/\/mftprojektkezelo.hu\/index.php\/wp-json\/wp\/v2\/types\/page"}],"author":[{"embeddable":true,"href":"https:\/\/mftprojektkezelo.hu\/index.php\/wp-json\/wp\/v2\/users\/1"}],"replies":[{"embeddable":true,"href":"https:\/\/mftprojektkezelo.hu\/index.php\/wp-json\/wp\/v2\/comments?post=105"}],"version-history":[{"count":1,"href":"https:\/\/mftprojektkezelo.hu\/index.php\/wp-json\/wp\/v2\/pages\/105\/revisions"}],"predecessor-version":[{"id":106,"href":"https:\/\/mftprojektkezelo.hu\/index.php\/wp-json\/wp\/v2\/pages\/105\/revisions\/106"}],"wp:attachment":[{"href":"https:\/\/mftprojektkezelo.hu\/index.php\/wp-json\/wp\/v2\/media?parent=105"}],"curies":[{"name":"wp","href":"https:\/\/api.w.org\/{rel}","templated":true}]}}