{"id":12,"date":"2023-04-30T11:47:34","date_gmt":"2023-04-30T11:47:34","guid":{"rendered":"https:\/\/mftprojektkezelo.hu\/?page_id=12"},"modified":"2023-07-17T10:24:22","modified_gmt":"2023-07-17T10:24:22","slug":"projektkezeles","status":"publish","type":"page","link":"https:\/\/mftprojektkezelo.hu\/index.php\/projektkezeles\/","title":{"rendered":"Projektkezel\u00e9s"},"content":{"rendered":"\n<p>C\u00e9g\u00fcnk a 2018-as \u00fczleti \u00e9vt\u0151l azt az elhat\u00e1roz\u00e1st t\u0171zte ki maga el\u00e9, hogy a felhalmozott szaktud\u00e1ssal, rendelkez\u00e9sre \u00e1ll\u00f3, magasan k\u00e9pzett hum\u00e1n er\u0151forr\u00e1ssal \u00e9s modern m\u0171szaki eszk\u00f6z\u00f6kkel \u00faj piaci sz\u00ednt\u00e9rre l\u00e9p. Szabad kapacit\u00e1sainkat szeretn\u00e9nk alv\u00e1llalkoz\u00f3k\u00e9nt felaj\u00e1nlani olyan nagyszab\u00e1s\u00fabb projektek megval\u00f3s\u00edt\u00e1sa \u00e9rdek\u00e9ben, melyek jelent\u0151s szervez\u00e9st, tervez\u00e9st, logisztik\u00e1t \u00e9s k\u00f6r\u00fcltekint\u0151 megval\u00f3s\u00edt\u00e1st ig\u00e9nyelnek.<\/p>\n\n\n\n<p>Mindezeket az al\u00e1bbi ter\u00fcleteken:<\/p>\n\n\n\n<ul class=\"wp-block-list\">\n<li>sportszerek, sporteszk\u00f6z\u00f6k beszerz\u00e9se, telep\u00edt\u00e9se<\/li>\n\n\n\n<li>b\u00e1rmif\u00e9le k\u00f6rnyezet takar\u00edt\u00e1sa<\/li>\n\n\n\n<li>g\u00e9p\u00e9szeti munk\u00e1k lebonyol\u00edt\u00e1sa<\/li>\n\n\n\n<li>\u00e9p\u00fcletszerkezeti \u00e1talak\u00edt\u00e1si feladatok\n<ul class=\"wp-block-list\">\n<li>gipszkartonoz\u00e1s<\/li>\n\n\n\n<li>fest\u00e9s<\/li>\n\n\n\n<li>burkol\u00e1s<\/li>\n\n\n\n<li>falaz\u00e1s<\/li>\n\n\n\n<li>stb.<\/li>\n<\/ul>\n<\/li>\n\n\n\n<li>karbantart\u00e1s<\/li>\n\n\n\n<li>fel\u00faj\u00edt\u00e1s<\/li>\n<\/ul>\n\n\n\n<figure class=\"wp-block-image size-full\"><img fetchpriority=\"high\" decoding=\"async\" width=\"1000\" height=\"589\" src=\"https:\/\/mftprojektkezelo.hu\/wp-content\/uploads\/2023\/04\/Project-5.jpeg\" alt=\"\" class=\"wp-image-14\" srcset=\"https:\/\/mftprojektkezelo.hu\/wp-content\/uploads\/2023\/04\/Project-5.jpeg 1000w, https:\/\/mftprojektkezelo.hu\/wp-content\/uploads\/2023\/04\/Project-5-300x177.jpeg 300w, https:\/\/mftprojektkezelo.hu\/wp-content\/uploads\/2023\/04\/Project-5-768x452.jpeg 768w, https:\/\/mftprojektkezelo.hu\/wp-content\/uploads\/2023\/04\/Project-5-825x486.jpeg 825w, https:\/\/mftprojektkezelo.hu\/wp-content\/uploads\/2023\/04\/Project-5-600x353.jpeg 600w, https:\/\/mftprojektkezelo.hu\/wp-content\/uploads\/2023\/04\/Project-5-400x236.jpeg 400w\" sizes=\"(max-width: 1000px) 100vw, 1000px\" \/><\/figure>\n","protected":false},"excerpt":{"rendered":"<p>C\u00e9g\u00fcnk a 2018-as \u00fczleti \u00e9vt\u0151l azt az elhat\u00e1roz\u00e1st t\u0171zte ki maga el\u00e9, hogy a felhalmozott szaktud\u00e1ssal, rendelkez\u00e9sre \u00e1ll\u00f3, magasan k\u00e9pzett hum\u00e1n er\u0151forr\u00e1ssal \u00e9s modern m\u0171szaki eszk\u00f6z\u00f6kkel \u00faj piaci sz\u00ednt\u00e9rre l\u00e9p.&hellip;<a href=\"https:\/\/mftprojektkezelo.hu\/index.php\/projektkezeles\/\" class=\"more-link\"><span class=\"more-button\">Continue reading<span class=\"screen-reader-text\">Projektkezel\u00e9s<\/span><\/span><\/a><\/p>\n","protected":false},"author":1,"featured_media":0,"parent":0,"menu_order":0,"comment_status":"closed","ping_status":"closed","template":"templates\/full-width-page.php","meta":{"footnotes":""},"class_list":["post-12","page","type-page","status-publish","hentry"],"yoast_head":"<!-- This site is optimized with the Yoast SEO plugin v27.2 - https:\/\/yoast.com\/product\/yoast-seo-wordpress\/ -->\n<title>Projektkezel\u00e9s - Mft ProjektKezel\u0151 Kft<\/title>\n<meta name=\"robots\" content=\"index, follow, max-snippet:-1, max-image-preview:large, max-video-preview:-1\" \/>\n<link rel=\"canonical\" href=\"https:\/\/mftprojektkezelo.hu\/index.php\/projektkezeles\/\" \/>\n<meta property=\"og:locale\" content=\"en_US\" \/>\n<meta property=\"og:type\" content=\"article\" \/>\n<meta property=\"og:title\" content=\"Projektkezel\u00e9s - Mft ProjektKezel\u0151 Kft\" \/>\n<meta property=\"og:description\" content=\"C\u00e9g\u00fcnk a 2018-as \u00fczleti \u00e9vt\u0151l azt az elhat\u00e1roz\u00e1st t\u0171zte ki maga el\u00e9, hogy a felhalmozott szaktud\u00e1ssal, rendelkez\u00e9sre \u00e1ll\u00f3, magasan k\u00e9pzett hum\u00e1n er\u0151forr\u00e1ssal \u00e9s modern m\u0171szaki eszk\u00f6z\u00f6kkel \u00faj piaci sz\u00ednt\u00e9rre l\u00e9p.&hellip;Continue readingProjektkezel\u00e9s\" \/>\n<meta property=\"og:url\" content=\"https:\/\/mftprojektkezelo.hu\/index.php\/projektkezeles\/\" \/>\n<meta property=\"og:site_name\" content=\"Mft ProjektKezel\u0151 Kft\" \/>\n<meta property=\"article:publisher\" content=\"https:\/\/www.facebook.com\/jozsef.marosvolgyi.3\" \/>\n<meta property=\"article:modified_time\" content=\"2023-07-17T10:24:22+00:00\" \/>\n<meta property=\"og:image\" content=\"https:\/\/mftprojektkezelo.hu\/wp-content\/uploads\/2023\/04\/Project-5.jpeg\" \/>\n<meta name=\"twitter:card\" content=\"summary_large_image\" \/>\n<meta name=\"twitter:label1\" content=\"Est. reading time\" \/>\n\t<meta name=\"twitter:data1\" content=\"1 minute\" \/>\n<script type=\"application\/ld+json\" class=\"yoast-schema-graph\">{\"@context\":\"https:\/\/schema.org\",\"@graph\":[{\"@type\":\"WebPage\",\"@id\":\"https:\/\/mftprojektkezelo.hu\/index.php\/projektkezeles\/\",\"url\":\"https:\/\/mftprojektkezelo.hu\/index.php\/projektkezeles\/\",\"name\":\"Projektkezel\u00e9s - Mft ProjektKezel\u0151 Kft\",\"isPartOf\":{\"@id\":\"https:\/\/mftprojektkezelo.hu\/#website\"},\"primaryImageOfPage\":{\"@id\":\"https:\/\/mftprojektkezelo.hu\/index.php\/projektkezeles\/#primaryimage\"},\"image\":{\"@id\":\"https:\/\/mftprojektkezelo.hu\/index.php\/projektkezeles\/#primaryimage\"},\"thumbnailUrl\":\"https:\/\/mftprojektkezelo.hu\/wp-content\/uploads\/2023\/04\/Project-5.jpeg\",\"datePublished\":\"2023-04-30T11:47:34+00:00\",\"dateModified\":\"2023-07-17T10:24:22+00:00\",\"breadcrumb\":{\"@id\":\"https:\/\/mftprojektkezelo.hu\/index.php\/projektkezeles\/#breadcrumb\"},\"inLanguage\":\"en-US\",\"potentialAction\":[{\"@type\":\"ReadAction\",\"target\":[\"https:\/\/mftprojektkezelo.hu\/index.php\/projektkezeles\/\"]}]},{\"@type\":\"ImageObject\",\"inLanguage\":\"en-US\",\"@id\":\"https:\/\/mftprojektkezelo.hu\/index.php\/projektkezeles\/#primaryimage\",\"url\":\"https:\/\/mftprojektkezelo.hu\/wp-content\/uploads\/2023\/04\/Project-5.jpeg\",\"contentUrl\":\"https:\/\/mftprojektkezelo.hu\/wp-content\/uploads\/2023\/04\/Project-5.jpeg\",\"width\":1000,\"height\":589,\"caption\":\"Businessman pressing a Project concept button.\"},{\"@type\":\"BreadcrumbList\",\"@id\":\"https:\/\/mftprojektkezelo.hu\/index.php\/projektkezeles\/#breadcrumb\",\"itemListElement\":[{\"@type\":\"ListItem\",\"position\":1,\"name\":\"Home\",\"item\":\"https:\/\/mftprojektkezelo.hu\/\"},{\"@type\":\"ListItem\",\"position\":2,\"name\":\"Projektkezel\u00e9s\"}]},{\"@type\":\"WebSite\",\"@id\":\"https:\/\/mftprojektkezelo.hu\/#website\",\"url\":\"https:\/\/mftprojektkezelo.hu\/\",\"name\":\"Mft ProjektKezel\u0151 Kft\",\"description\":\"\u2026 j\u00f3 kezekben, az \u00d6n \u00e9rdek\u00e9ben \u2026\",\"potentialAction\":[{\"@type\":\"SearchAction\",\"target\":{\"@type\":\"EntryPoint\",\"urlTemplate\":\"https:\/\/mftprojektkezelo.hu\/?s={search_term_string}\"},\"query-input\":{\"@type\":\"PropertyValueSpecification\",\"valueRequired\":true,\"valueName\":\"search_term_string\"}}],\"inLanguage\":\"en-US\"}]}<\/script>\n<!-- \/ Yoast SEO plugin. -->","yoast_head_json":{"title":"Projektkezel\u00e9s - Mft ProjektKezel\u0151 Kft","robots":{"index":"index","follow":"follow","max-snippet":"max-snippet:-1","max-image-preview":"max-image-preview:large","max-video-preview":"max-video-preview:-1"},"canonical":"https:\/\/mftprojektkezelo.hu\/index.php\/projektkezeles\/","og_locale":"en_US","og_type":"article","og_title":"Projektkezel\u00e9s - Mft ProjektKezel\u0151 Kft","og_description":"C\u00e9g\u00fcnk a 2018-as \u00fczleti \u00e9vt\u0151l azt az elhat\u00e1roz\u00e1st t\u0171zte ki maga el\u00e9, hogy a felhalmozott szaktud\u00e1ssal, rendelkez\u00e9sre \u00e1ll\u00f3, magasan k\u00e9pzett hum\u00e1n er\u0151forr\u00e1ssal \u00e9s modern m\u0171szaki eszk\u00f6z\u00f6kkel \u00faj piaci sz\u00ednt\u00e9rre l\u00e9p.&hellip;Continue readingProjektkezel\u00e9s","og_url":"https:\/\/mftprojektkezelo.hu\/index.php\/projektkezeles\/","og_site_name":"Mft ProjektKezel\u0151 Kft","article_publisher":"https:\/\/www.facebook.com\/jozsef.marosvolgyi.3","article_modified_time":"2023-07-17T10:24:22+00:00","og_image":[{"url":"https:\/\/mftprojektkezelo.hu\/wp-content\/uploads\/2023\/04\/Project-5.jpeg","type":"","width":"","height":""}],"twitter_card":"summary_large_image","twitter_misc":{"Est. reading time":"1 minute"},"schema":{"@context":"https:\/\/schema.org","@graph":[{"@type":"WebPage","@id":"https:\/\/mftprojektkezelo.hu\/index.php\/projektkezeles\/","url":"https:\/\/mftprojektkezelo.hu\/index.php\/projektkezeles\/","name":"Projektkezel\u00e9s - Mft ProjektKezel\u0151 Kft","isPartOf":{"@id":"https:\/\/mftprojektkezelo.hu\/#website"},"primaryImageOfPage":{"@id":"https:\/\/mftprojektkezelo.hu\/index.php\/projektkezeles\/#primaryimage"},"image":{"@id":"https:\/\/mftprojektkezelo.hu\/index.php\/projektkezeles\/#primaryimage"},"thumbnailUrl":"https:\/\/mftprojektkezelo.hu\/wp-content\/uploads\/2023\/04\/Project-5.jpeg","datePublished":"2023-04-30T11:47:34+00:00","dateModified":"2023-07-17T10:24:22+00:00","breadcrumb":{"@id":"https:\/\/mftprojektkezelo.hu\/index.php\/projektkezeles\/#breadcrumb"},"inLanguage":"en-US","potentialAction":[{"@type":"ReadAction","target":["https:\/\/mftprojektkezelo.hu\/index.php\/projektkezeles\/"]}]},{"@type":"ImageObject","inLanguage":"en-US","@id":"https:\/\/mftprojektkezelo.hu\/index.php\/projektkezeles\/#primaryimage","url":"https:\/\/mftprojektkezelo.hu\/wp-content\/uploads\/2023\/04\/Project-5.jpeg","contentUrl":"https:\/\/mftprojektkezelo.hu\/wp-content\/uploads\/2023\/04\/Project-5.jpeg","width":1000,"height":589,"caption":"Businessman pressing a Project concept button."},{"@type":"BreadcrumbList","@id":"https:\/\/mftprojektkezelo.hu\/index.php\/projektkezeles\/#breadcrumb","itemListElement":[{"@type":"ListItem","position":1,"name":"Home","item":"https:\/\/mftprojektkezelo.hu\/"},{"@type":"ListItem","position":2,"name":"Projektkezel\u00e9s"}]},{"@type":"WebSite","@id":"https:\/\/mftprojektkezelo.hu\/#website","url":"https:\/\/mftprojektkezelo.hu\/","name":"Mft ProjektKezel\u0151 Kft","description":"\u2026 j\u00f3 kezekben, az \u00d6n \u00e9rdek\u00e9ben \u2026","potentialAction":[{"@type":"SearchAction","target":{"@type":"EntryPoint","urlTemplate":"https:\/\/mftprojektkezelo.hu\/?s={search_term_string}"},"query-input":{"@type":"PropertyValueSpecification","valueRequired":true,"valueName":"search_term_string"}}],"inLanguage":"en-US"}]}},"_links":{"self":[{"href":"https:\/\/mftprojektkezelo.hu\/index.php\/wp-json\/wp\/v2\/pages\/12","targetHints":{"allow":["GET"]}}],"collection":[{"href":"https:\/\/mftprojektkezelo.hu\/index.php\/wp-json\/wp\/v2\/pages"}],"about":[{"href":"https:\/\/mftprojektkezelo.hu\/index.php\/wp-json\/wp\/v2\/types\/page"}],"author":[{"embeddable":true,"href":"https:\/\/mftprojektkezelo.hu\/index.php\/wp-json\/wp\/v2\/users\/1"}],"replies":[{"embeddable":true,"href":"https:\/\/mftprojektkezelo.hu\/index.php\/wp-json\/wp\/v2\/comments?post=12"}],"version-history":[{"count":3,"href":"https:\/\/mftprojektkezelo.hu\/index.php\/wp-json\/wp\/v2\/pages\/12\/revisions"}],"predecessor-version":[{"id":16,"href":"https:\/\/mftprojektkezelo.hu\/index.php\/wp-json\/wp\/v2\/pages\/12\/revisions\/16"}],"wp:attachment":[{"href":"https:\/\/mftprojektkezelo.hu\/index.php\/wp-json\/wp\/v2\/media?parent=12"}],"curies":[{"name":"wp","href":"https:\/\/api.w.org\/{rel}","templated":true}]}}