{"id":20,"date":"2023-04-30T11:53:12","date_gmt":"2023-04-30T11:53:12","guid":{"rendered":"https:\/\/mftprojektkezelo.hu\/?page_id=20"},"modified":"2024-03-24T12:24:39","modified_gmt":"2024-03-24T12:24:39","slug":"kezdolap","status":"publish","type":"page","link":"https:\/\/mftprojektkezelo.hu\/","title":{"rendered":"Kezd\u0151lap"},"content":{"rendered":"\t\t<div data-elementor-type=\"wp-page\" data-elementor-id=\"20\" class=\"elementor elementor-20\">\n\t\t\t\t\t\t<section class=\"elementor-section elementor-top-section elementor-element elementor-element-2323ad6 elementor-section-boxed elementor-section-height-default elementor-section-height-default wpr-particle-no wpr-jarallax-no wpr-parallax-no wpr-sticky-section-no\" data-id=\"2323ad6\" data-element_type=\"section\" data-e-type=\"section\">\n\t\t\t\t\t\t<div class=\"elementor-container elementor-column-gap-default\">\n\t\t\t\t\t<div class=\"elementor-column elementor-col-100 elementor-top-column elementor-element elementor-element-7981894\" data-id=\"7981894\" data-element_type=\"column\" data-e-type=\"column\">\n\t\t\t<div class=\"elementor-widget-wrap elementor-element-populated\">\n\t\t\t\t\t\t<div class=\"elementor-element elementor-element-a700e05 elementor-widget__width-inherit content-align-cta-center elementor-widget elementor-widget-eael-cta-box\" data-id=\"a700e05\" data-element_type=\"widget\" data-e-type=\"widget\" data-widget_type=\"eael-cta-box.default\">\n\t\t\t\t<div class=\"elementor-widget-container\">\n\t\t\t\t\t\t\t<div class=\"eael-call-to-action cta-basic bg-img cta-preset-2\">\n        <h1 class=\"title eael-cta-heading\">Ilyen volt a II. Housekeeping Konferencia<\/h1><a href=\"https:\/\/mftprojektkezelo.hu\/?p=129\" class=\"cta-button cta-preset-2 cta-btn-preset-2 \"><span class=\"btn-icon\"><i class=\"fas fa-bullhorn\"><\/i><\/span>\u00c9rdekel<\/a>\t<\/div>\n\t\t\t\t\t\t\t\t<\/div>\n\t\t\t\t<\/div>\n\t\t\t\t\t<\/div>\n\t\t<\/div>\n\t\t\t\t\t<\/div>\n\t\t<\/section>\n\t\t\t\t<section class=\"elementor-section elementor-top-section elementor-element elementor-element-450f1168 elementor-section-boxed elementor-section-height-default elementor-section-height-default wpr-particle-no wpr-jarallax-no wpr-parallax-no wpr-sticky-section-no\" data-id=\"450f1168\" data-element_type=\"section\" data-e-type=\"section\">\n\t\t\t\t\t\t<div class=\"elementor-container elementor-column-gap-default\">\n\t\t\t\t\t<div class=\"elementor-column elementor-col-100 elementor-top-column elementor-element elementor-element-6eda02b0\" data-id=\"6eda02b0\" data-element_type=\"column\" data-e-type=\"column\">\n\t\t\t<div class=\"elementor-widget-wrap elementor-element-populated\">\n\t\t\t\t\t\t<div class=\"elementor-element elementor-element-242460fd elementor-widget elementor-widget-text-editor\" data-id=\"242460fd\" data-element_type=\"widget\" data-e-type=\"widget\" data-widget_type=\"text-editor.default\">\n\t\t\t\t<div class=\"elementor-widget-container\">\n\t\t\t\t\t\t\t\t\t\n<p><\/p>\n\n\n\n<div class=\"wp-block-columns is-layout-flex wp-container-core-columns-is-layout-9d6595d7 wp-block-columns-is-layout-flex\">\n<div class=\"wp-block-column is-layout-flow wp-block-column-is-layout-flow\" style=\"flex-basis:50%\">\n<div class=\"wp-block-cover\"><span aria-hidden=\"true\" class=\"wp-block-cover__background has-background-dim\"><\/span><img fetchpriority=\"high\" decoding=\"async\" width=\"1366\" height=\"768\" class=\"wp-block-cover__image-background wp-image-35\" alt=\"Corinthia K\u00fcltere\" src=\"https:\/\/mftprojektkezelo.hu\/wp-content\/uploads\/2023\/07\/kulter.jpg\" data-object-fit=\"cover\" srcset=\"https:\/\/mftprojektkezelo.hu\/wp-content\/uploads\/2023\/07\/kulter.jpg 1366w, https:\/\/mftprojektkezelo.hu\/wp-content\/uploads\/2023\/07\/kulter-300x169.jpg 300w, https:\/\/mftprojektkezelo.hu\/wp-content\/uploads\/2023\/07\/kulter-1024x576.jpg 1024w, https:\/\/mftprojektkezelo.hu\/wp-content\/uploads\/2023\/07\/kulter-768x432.jpg 768w, https:\/\/mftprojektkezelo.hu\/wp-content\/uploads\/2023\/07\/kulter-825x464.jpg 825w, https:\/\/mftprojektkezelo.hu\/wp-content\/uploads\/2023\/07\/kulter-600x337.jpg 600w, https:\/\/mftprojektkezelo.hu\/wp-content\/uploads\/2023\/07\/kulter-400x225.jpg 400w\" sizes=\"(max-width: 1366px) 100vw, 1366px\" \/><div class=\"wp-block-cover__inner-container is-layout-flow wp-block-cover-is-layout-flow\">\n<p class=\"has-text-align-center has-large-font-size\"><a href=\"https:\/\/mftprojektkezelo.hu\/index.php\/szalloda-takaritas\/\">Sz\u00e1lloda Takar\u00edt\u00e1s<\/a><\/p>\n<\/div><\/div>\n<\/div>\n\n\n\n<div class=\"wp-block-column is-layout-flow wp-block-column-is-layout-flow\" style=\"flex-basis:50%\">\n<div class=\"wp-block-cover is-light\"><span aria-hidden=\"true\" class=\"wp-block-cover__background has-background-dim\"><\/span><img decoding=\"async\" width=\"1000\" height=\"589\" class=\"wp-block-cover__image-background wp-image-22\" alt=\"\" src=\"https:\/\/mftprojektkezelo.hu\/wp-content\/uploads\/2023\/04\/Project-6.jpeg\" data-object-fit=\"cover\" srcset=\"https:\/\/mftprojektkezelo.hu\/wp-content\/uploads\/2023\/04\/Project-6.jpeg 1000w, https:\/\/mftprojektkezelo.hu\/wp-content\/uploads\/2023\/04\/Project-6-300x177.jpeg 300w, https:\/\/mftprojektkezelo.hu\/wp-content\/uploads\/2023\/04\/Project-6-768x452.jpeg 768w, https:\/\/mftprojektkezelo.hu\/wp-content\/uploads\/2023\/04\/Project-6-825x486.jpeg 825w, https:\/\/mftprojektkezelo.hu\/wp-content\/uploads\/2023\/04\/Project-6-600x353.jpeg 600w, https:\/\/mftprojektkezelo.hu\/wp-content\/uploads\/2023\/04\/Project-6-400x236.jpeg 400w\" sizes=\"(max-width: 1000px) 100vw, 1000px\" \/><div class=\"wp-block-cover__inner-container is-layout-flow wp-block-cover-is-layout-flow\">\n<p class=\"has-text-align-center has-white-color has-text-color has-large-font-size\"><a href=\"https:\/\/mftprojektkezelo.hu\/index.php\/projektkezeles\/\">Projekt Kezel\u00e9s<\/a><\/p>\n<\/div><\/div>\n<\/div>\n<\/div>\n\n\n\n<p><\/p>\n\t\t\t\t\t\t\t\t<\/div>\n\t\t\t\t<\/div>\n\t\t\t\t\t<\/div>\n\t\t<\/div>\n\t\t\t\t\t<\/div>\n\t\t<\/section>\n\t\t\t\t<\/div>\n\t\t","protected":false},"excerpt":{"rendered":"<p>Ilyen volt a II. Housekeeping Konferencia \u00c9rdekel<\/p>\n","protected":false},"author":1,"featured_media":0,"parent":0,"menu_order":0,"comment_status":"closed","ping_status":"closed","template":"templates\/full-width-page.php","meta":{"footnotes":""},"class_list":["post-20","page","type-page","status-publish","hentry"],"yoast_head":"<!-- This site is optimized with the Yoast SEO plugin v27.2 - https:\/\/yoast.com\/product\/yoast-seo-wordpress\/ -->\n<title>Kezd\u0151lap - Mft ProjektKezel\u0151 Kft<\/title>\n<meta name=\"description\" content=\"C\u00e9g\u00fcnk \u00e9vek \u00f3ta foglalkozik Projektkezel\u00e9ssel illetve sz\u00e1lloda takar\u00edt\u00e1ssal, emberek \u00e9s anyagok kezel\u00e9s\u00e9vel, hogy minden gyorsan haladjon.\" \/>\n<meta name=\"robots\" content=\"index, follow, max-snippet:-1, max-image-preview:large, max-video-preview:-1\" \/>\n<link rel=\"canonical\" href=\"https:\/\/mftprojektkezelo.hu\/\" \/>\n<meta property=\"og:locale\" content=\"en_US\" \/>\n<meta property=\"og:type\" content=\"article\" \/>\n<meta property=\"og:title\" content=\"Kezd\u0151lap - Mft ProjektKezel\u0151 Kft\" \/>\n<meta property=\"og:description\" content=\"C\u00e9g\u00fcnk \u00e9vek \u00f3ta foglalkozik Projektkezel\u00e9ssel illetve sz\u00e1lloda takar\u00edt\u00e1ssal, emberek \u00e9s anyagok kezel\u00e9s\u00e9vel, hogy minden gyorsan haladjon.\" \/>\n<meta property=\"og:url\" content=\"https:\/\/mftprojektkezelo.hu\/\" \/>\n<meta property=\"og:site_name\" content=\"Mft ProjektKezel\u0151 Kft\" \/>\n<meta property=\"article:publisher\" content=\"https:\/\/www.facebook.com\/jozsef.marosvolgyi.3\" \/>\n<meta property=\"article:modified_time\" content=\"2024-03-24T12:24:39+00:00\" \/>\n<meta property=\"og:image\" content=\"https:\/\/mftprojektkezelo.hu\/wp-content\/uploads\/2023\/07\/kulter.jpg\" \/>\n<meta name=\"twitter:card\" content=\"summary_large_image\" \/>\n<meta name=\"twitter:label1\" content=\"Est. reading time\" \/>\n\t<meta name=\"twitter:data1\" content=\"1 minute\" \/>\n<script type=\"application\/ld+json\" class=\"yoast-schema-graph\">{\"@context\":\"https:\/\/schema.org\",\"@graph\":[{\"@type\":\"WebPage\",\"@id\":\"https:\/\/mftprojektkezelo.hu\/\",\"url\":\"https:\/\/mftprojektkezelo.hu\/\",\"name\":\"Kezd\u0151lap - Mft ProjektKezel\u0151 Kft\",\"isPartOf\":{\"@id\":\"https:\/\/mftprojektkezelo.hu\/#website\"},\"primaryImageOfPage\":{\"@id\":\"https:\/\/mftprojektkezelo.hu\/#primaryimage\"},\"image\":{\"@id\":\"https:\/\/mftprojektkezelo.hu\/#primaryimage\"},\"thumbnailUrl\":\"https:\/\/mftprojektkezelo.hu\/wp-content\/uploads\/2023\/07\/kulter.jpg\",\"datePublished\":\"2023-04-30T11:53:12+00:00\",\"dateModified\":\"2024-03-24T12:24:39+00:00\",\"description\":\"C\u00e9g\u00fcnk \u00e9vek \u00f3ta foglalkozik Projektkezel\u00e9ssel illetve sz\u00e1lloda takar\u00edt\u00e1ssal, emberek \u00e9s anyagok kezel\u00e9s\u00e9vel, hogy minden gyorsan haladjon.\",\"breadcrumb\":{\"@id\":\"https:\/\/mftprojektkezelo.hu\/#breadcrumb\"},\"inLanguage\":\"en-US\",\"potentialAction\":[{\"@type\":\"ReadAction\",\"target\":[\"https:\/\/mftprojektkezelo.hu\/\"]}]},{\"@type\":\"ImageObject\",\"inLanguage\":\"en-US\",\"@id\":\"https:\/\/mftprojektkezelo.hu\/#primaryimage\",\"url\":\"https:\/\/mftprojektkezelo.hu\/wp-content\/uploads\/2023\/07\/kulter.jpg\",\"contentUrl\":\"https:\/\/mftprojektkezelo.hu\/wp-content\/uploads\/2023\/07\/kulter.jpg\",\"width\":1366,\"height\":768,\"caption\":\"Corinthia K\u00fcltere\"},{\"@type\":\"BreadcrumbList\",\"@id\":\"https:\/\/mftprojektkezelo.hu\/#breadcrumb\",\"itemListElement\":[{\"@type\":\"ListItem\",\"position\":1,\"name\":\"Home\",\"item\":\"https:\/\/mftprojektkezelo.hu\/\"},{\"@type\":\"ListItem\",\"position\":2,\"name\":\"Kezd\u0151lap\"}]},{\"@type\":\"WebSite\",\"@id\":\"https:\/\/mftprojektkezelo.hu\/#website\",\"url\":\"https:\/\/mftprojektkezelo.hu\/\",\"name\":\"Mft ProjektKezel\u0151 Kft\",\"description\":\"\u2026 j\u00f3 kezekben, az \u00d6n \u00e9rdek\u00e9ben \u2026\",\"potentialAction\":[{\"@type\":\"SearchAction\",\"target\":{\"@type\":\"EntryPoint\",\"urlTemplate\":\"https:\/\/mftprojektkezelo.hu\/?s={search_term_string}\"},\"query-input\":{\"@type\":\"PropertyValueSpecification\",\"valueRequired\":true,\"valueName\":\"search_term_string\"}}],\"inLanguage\":\"en-US\"}]}<\/script>\n<!-- \/ Yoast SEO plugin. -->","yoast_head_json":{"title":"Kezd\u0151lap - Mft ProjektKezel\u0151 Kft","description":"C\u00e9g\u00fcnk \u00e9vek \u00f3ta foglalkozik Projektkezel\u00e9ssel illetve sz\u00e1lloda takar\u00edt\u00e1ssal, emberek \u00e9s anyagok kezel\u00e9s\u00e9vel, hogy minden gyorsan haladjon.","robots":{"index":"index","follow":"follow","max-snippet":"max-snippet:-1","max-image-preview":"max-image-preview:large","max-video-preview":"max-video-preview:-1"},"canonical":"https:\/\/mftprojektkezelo.hu\/","og_locale":"en_US","og_type":"article","og_title":"Kezd\u0151lap - Mft ProjektKezel\u0151 Kft","og_description":"C\u00e9g\u00fcnk \u00e9vek \u00f3ta foglalkozik Projektkezel\u00e9ssel illetve sz\u00e1lloda takar\u00edt\u00e1ssal, emberek \u00e9s anyagok kezel\u00e9s\u00e9vel, hogy minden gyorsan haladjon.","og_url":"https:\/\/mftprojektkezelo.hu\/","og_site_name":"Mft ProjektKezel\u0151 Kft","article_publisher":"https:\/\/www.facebook.com\/jozsef.marosvolgyi.3","article_modified_time":"2024-03-24T12:24:39+00:00","og_image":[{"url":"https:\/\/mftprojektkezelo.hu\/wp-content\/uploads\/2023\/07\/kulter.jpg","type":"","width":"","height":""}],"twitter_card":"summary_large_image","twitter_misc":{"Est. reading time":"1 minute"},"schema":{"@context":"https:\/\/schema.org","@graph":[{"@type":"WebPage","@id":"https:\/\/mftprojektkezelo.hu\/","url":"https:\/\/mftprojektkezelo.hu\/","name":"Kezd\u0151lap - Mft ProjektKezel\u0151 Kft","isPartOf":{"@id":"https:\/\/mftprojektkezelo.hu\/#website"},"primaryImageOfPage":{"@id":"https:\/\/mftprojektkezelo.hu\/#primaryimage"},"image":{"@id":"https:\/\/mftprojektkezelo.hu\/#primaryimage"},"thumbnailUrl":"https:\/\/mftprojektkezelo.hu\/wp-content\/uploads\/2023\/07\/kulter.jpg","datePublished":"2023-04-30T11:53:12+00:00","dateModified":"2024-03-24T12:24:39+00:00","description":"C\u00e9g\u00fcnk \u00e9vek \u00f3ta foglalkozik Projektkezel\u00e9ssel illetve sz\u00e1lloda takar\u00edt\u00e1ssal, emberek \u00e9s anyagok kezel\u00e9s\u00e9vel, hogy minden gyorsan haladjon.","breadcrumb":{"@id":"https:\/\/mftprojektkezelo.hu\/#breadcrumb"},"inLanguage":"en-US","potentialAction":[{"@type":"ReadAction","target":["https:\/\/mftprojektkezelo.hu\/"]}]},{"@type":"ImageObject","inLanguage":"en-US","@id":"https:\/\/mftprojektkezelo.hu\/#primaryimage","url":"https:\/\/mftprojektkezelo.hu\/wp-content\/uploads\/2023\/07\/kulter.jpg","contentUrl":"https:\/\/mftprojektkezelo.hu\/wp-content\/uploads\/2023\/07\/kulter.jpg","width":1366,"height":768,"caption":"Corinthia K\u00fcltere"},{"@type":"BreadcrumbList","@id":"https:\/\/mftprojektkezelo.hu\/#breadcrumb","itemListElement":[{"@type":"ListItem","position":1,"name":"Home","item":"https:\/\/mftprojektkezelo.hu\/"},{"@type":"ListItem","position":2,"name":"Kezd\u0151lap"}]},{"@type":"WebSite","@id":"https:\/\/mftprojektkezelo.hu\/#website","url":"https:\/\/mftprojektkezelo.hu\/","name":"Mft ProjektKezel\u0151 Kft","description":"\u2026 j\u00f3 kezekben, az \u00d6n \u00e9rdek\u00e9ben \u2026","potentialAction":[{"@type":"SearchAction","target":{"@type":"EntryPoint","urlTemplate":"https:\/\/mftprojektkezelo.hu\/?s={search_term_string}"},"query-input":{"@type":"PropertyValueSpecification","valueRequired":true,"valueName":"search_term_string"}}],"inLanguage":"en-US"}]}},"_links":{"self":[{"href":"https:\/\/mftprojektkezelo.hu\/index.php\/wp-json\/wp\/v2\/pages\/20","targetHints":{"allow":["GET"]}}],"collection":[{"href":"https:\/\/mftprojektkezelo.hu\/index.php\/wp-json\/wp\/v2\/pages"}],"about":[{"href":"https:\/\/mftprojektkezelo.hu\/index.php\/wp-json\/wp\/v2\/types\/page"}],"author":[{"embeddable":true,"href":"https:\/\/mftprojektkezelo.hu\/index.php\/wp-json\/wp\/v2\/users\/1"}],"replies":[{"embeddable":true,"href":"https:\/\/mftprojektkezelo.hu\/index.php\/wp-json\/wp\/v2\/comments?post=20"}],"version-history":[{"count":21,"href":"https:\/\/mftprojektkezelo.hu\/index.php\/wp-json\/wp\/v2\/pages\/20\/revisions"}],"predecessor-version":[{"id":220,"href":"https:\/\/mftprojektkezelo.hu\/index.php\/wp-json\/wp\/v2\/pages\/20\/revisions\/220"}],"wp:attachment":[{"href":"https:\/\/mftprojektkezelo.hu\/index.php\/wp-json\/wp\/v2\/media?parent=20"}],"curies":[{"name":"wp","href":"https:\/\/api.w.org\/{rel}","templated":true}]}}