{"id":3,"date":"2023-04-30T11:41:22","date_gmt":"2023-04-30T11:41:22","guid":{"rendered":"https:\/\/mftprojektkezelo.hu\/?page_id=3"},"modified":"2023-07-09T10:53:15","modified_gmt":"2023-07-09T10:53:15","slug":"privacy-policy","status":"publish","type":"page","link":"https:\/\/mftprojektkezelo.hu\/index.php\/privacy-policy\/","title":{"rendered":"Felhaszn\u00e1l\u00e1si Felt\u00e9telek"},"content":{"rendered":"\n<p>Ezt a weboldalt (a tov\u00e1bbiakban: Weboldal) \u00e9s a Weboldalon tal\u00e1lhat\u00f3 minden inform\u00e1ci\u00f3t,<br>sz\u00f6veget, szoftvert, fot\u00f3t, k\u00e9pet, vide\u00f3t, programk\u00f3dot, grafik\u00e1t, hangot \u00e9s egy\u00e9b anyagot<br>(egy\u00fcttesen: Tartalom) az Mft Plusz Bt. (a tov\u00e1bbiakban: \u00dczemeltet\u0151) \u00fczemelteti a<br>nyilv\u00e1noss\u00e1g tagjai sz\u00e1m\u00e1ra, kiz\u00e1r\u00f3lag az al\u00e1bbiakban le\u00edrt, t\u00f6rv\u00e9nyes c\u00e9lokra.<\/p>\n\n\n\n<ol class=\"wp-block-list\">\n<li>Felt\u00e9telek elfogad\u00e1sa<br>A Weboldal megnyit\u00e1s\u00e1val, b\u00f6ng\u00e9sz\u00e9s\u00e9vel \u00e9s\/vagy haszn\u00e1lat\u00e1val a Weboldal l\u00e1togat\u00f3ja<br>(tov\u00e1bbiakban: Felhaszn\u00e1l\u00f3) elfogadja \u00e9s mag\u00e1ra n\u00e9zve k\u00f6telez\u0151nek ismeri el jelen felt\u00e9teleket<br>(a tov\u00e1bbiakban: Felt\u00e9telek) \u00e9s a vonatkoz\u00f3 jogszab\u00e1lyok \u00e9s rendelkez\u00e9sek betart\u00e1s\u00e1t. A<br>Felhaszn\u00e1l\u00f3 kijelenti, hogy jogosult ezeket a Felt\u00e9teleket saj\u00e1t vagy az \u00e1ltala k\u00e9pviselt f\u00e9l<br>nev\u00e9ben elfogadni. Amennyiben ezen Felt\u00e9telek valamelyik kit\u00e9tel\u00e9t b\u00e1rmely \u00e1llam<br>jogszab\u00e1lyai, t\u00f6rv\u00e9nyei, rendeletei vagy egy\u00e9b szab\u00e1lyoz\u00e1sa, illetve b\u00e1rmely b\u00edr\u00f3s\u00e1g joger\u0151s<br>\u00edt\u00e9lete \u00e9rv\u00e9nytelennek nyilv\u00e1n\u00edtja, az nem befoly\u00e1solhatja a Felt\u00e9telek t\u00f6bbi kit\u00e9tel\u00e9nek<br>v\u00e9grehajthat\u00f3s\u00e1g\u00e1t.<br>Amennyiben a Felhaszn\u00e1l\u00f3 nem fogadja el a fenti felt\u00e9teleket, nem haszn\u00e1lhatja a<br>Weboldalt.<br>Az \u00dczemeltet\u0151 b\u00e1rmikor megv\u00e1ltoztathatja, m\u00f3dos\u00edthatja vagy visszavonhatja a hozz\u00e1f\u00e9r\u00e9st<br>vagy az oldal tartalm\u00e1t, ez\u00e9rt a felhaszn\u00e1l\u00f3nak minden l\u00e1togat\u00e1skor ellen\u0151riznie kell a<br>Weboldalra vonatkoz\u00f3 felhaszn\u00e1l\u00e1si felt\u00e9teleket.<\/li>\n\n\n\n<li>Hozz\u00e1f\u00e9r\u00e9si jogosults\u00e1gok<br>Az \u00dczemeltet\u0151 a Weboldalhoz val\u00f3 hozz\u00e1f\u00e9r\u00e9si jogosults\u00e1got b\u00e1rmikor m\u00f3dos\u00edthatja,<br>visszavonhatja vagy megsz\u00fcntetheti.<\/li>\n\n\n\n<li>A tartalom haszn\u00e1lat\u00e1ra vonatkoz\u00f3 felt\u00e9telek \u00e9s kik\u00f6t\u00e9sek<br>A Tartalmat szerz\u0151i jog v\u00e9di. Copyright \u00a9\u00dczemeltet\u0151 Minden jog fenntartva. A Weboldal teljes<br>tartalma az \u00dczemeltet\u0151, vagy az \u00dczemeltet\u0151 t\u00e1rsas\u00e1g r\u00e9sz\u00e9re a Tartalom haszn\u00e1lat\u00e1ra jogot<br>ad\u00f3 m\u00e1s jogalanyok szellemi tulajdon\u00e1t k\u00e9pezi.<br>A Weboldalhoz val\u00f3 hozz\u00e1f\u00e9r\u00e9s lehet\u0151s\u00e9ge, illetve tartalm\u00e1nak egyetlen eleme sem<br>\u00e9rtelmezhet\u0151 \u00fagy, hogy b\u00e1rmif\u00e9le jogos\u00edtv\u00e1nyt vagy enged\u00e9lyt adna a weboldalon megjelen\u0151<br>szellemi tulajdon haszn\u00e1lat\u00e1ra sem k\u00f6zvetve, sem r\u00e1utalva, sem m\u00e1s m\u00f3don az \u00dczemeltet\u0151,<br>vagy a megfelel\u0151 harmadik f\u00e9l \u00edr\u00e1sos beleegyez\u00e9se n\u00e9lk\u00fcl; kifejezett elt\u00e9r\u0151 rendelkez\u00e9s<br>hi\u00e1ny\u00e1ban. Az \u00dczemeltet\u0151 nem ad a Felhaszn\u00e1l\u00f3 r\u00e9sz\u00e9re semmif\u00e9le kifejezett vagy<br>hallgat\u00f3lagos jogot az \u00dczemeltet\u0151 vagy harmadik szem\u00e9lyek a Weboldalon megjelent szellemi<br>tulajdona vonatkoz\u00e1s\u00e1ban. A Felhaszn\u00e1l\u00f3 az \u00dczemeltet\u0151 vagy a megfelel\u0151 harmadik szem\u00e9ly<br>el\u0151zetes \u00edr\u00e1sbeli enged\u00e9lye n\u00e9lk\u00fcl a Tartalmat sem r\u00e9szben, sem eg\u00e9szben nem m\u00e1solhatja,<br>nem reproduk\u00e1lhatja (ak\u00e1r hivatkoz\u00e1sok l\u00e9trehoz\u00e1s\u00e1val, ak\u00e1r m\u00e1s m\u00f3dszerekkel), nem<br>m\u00f3dos\u00edthatja, nem adhatja vagy veheti b\u00e9rbe, nem adhatja el, nem k\u00e9sz\u00edthet abb\u00f3l<br>sz\u00e1rmaz\u00e9kos m\u0171veket, nem t\u00f6ltheti fel, nem tov\u00e1bb\u00edthatja, \u00e9s nem terjesztheti. Tilos tov\u00e1bb\u00e1<br>a Weboldalon tal\u00e1lhat\u00f3 szellemi tulajdont ak\u00e1r eredeti, ak\u00e1r \u00e1t\u00edrt form\u00e1ban b\u00e1rmilyen<br>m\u00e9diumban k\u00f6z\u00f6lni, sug\u00e1rozni vagy tov\u00e1bbadni, r\u00e9szben vagy eg\u00e9szben sz\u00e1m\u00edt\u00f3g\u00e9pen t\u00e1rolni.<br>Tilos a honlap tartalm\u00e1t jogszab\u00e1lyba \u00fctk\u00f6z\u0151 vagy az \u00dczemeltet\u0151 j\u00f3 h\u00edrnev\u00e9t vagy \u00fczleti<br>\u00e9rdek\u00e9t s\u00e9rt\u0151 m\u00f3don vagy c\u00e9lra felhaszn\u00e1lni.<br>Ha az \u00dczemeltet\u0151 k\u00fcl\u00f6n nem jelzi, \u00fagy a Weboldalon l\u00e1tott \u00e9s olvasott anyagok szerz\u0151i jogi<br>v\u00e9delem alatt \u00e1llnak, \u00e9s az \u00dczemeltet\u0151 \u00edr\u00e1sos enged\u00e9lye n\u00e9lk\u00fcl felhaszn\u00e1l\u00e1suk tilos, kiv\u00e9ve, ha<br>a Weboldalon tal\u00e1lhat\u00f3 sz\u00f6veg elt\u00e9r\u0151en nem rendelkezik. A weboldalon bemutatott k\u00e9pek,<br>f\u00e9nyk\u00e9pek \u00e9s illusztr\u00e1ci\u00f3k vagy az \u00dczemeltet\u0151 tulajdon\u00e1ban vannak, vagy enged\u00e9llyel<br>haszn\u00e1lja azokat. A k\u00e9pek minden jogosulatlan felhaszn\u00e1l\u00e1sa szerz\u0151i jogi t\u00f6rv\u00e9nyeket,<br>v\u00e9djegyeket, szem\u00e9lyis\u00e9gi jogokat, rekl\u00e1mt\u00f6rv\u00e9nyeket, h\u00edrk\u00f6zl\u00e9si szab\u00e1lyokat \u00e9s t\u00f6rv\u00e9nyeket<br>s\u00e9rthet. A jogosulatlan felhaszn\u00e1l\u00e1s b\u00fcntet\u0151- \u00e9s polg\u00e1ri jogi k\u00f6vetkezm\u00e9nyeket von maga ut\u00e1n.<br>Az \u00dczemeltet\u0151 k\u00f6vetelheti a jogs\u00e9rt\u00e9s abbahagy\u00e1s\u00e1t \u00e9s k\u00e1r\u00e1nak megt\u00e9r\u00edt\u00e9s\u00e9t.<\/li>\n\n\n\n<li>Hozz\u00e1j\u00e1rul\u00e1s<br>Az \u00dczemeltet\u0151 hozz\u00e1j\u00e1rul a Weboldal sz\u00e1m\u00edt\u00f3g\u00e9pen vagy mobiltelefonon t\u00f6rt\u00e9n\u0151<br>b\u00f6ng\u00e9sz\u00e9s\u00e9hez, illetve kivonatok kiz\u00e1r\u00f3lag saj\u00e1t felhaszn\u00e1l\u00e1si c\u00e9llal \u2013 nem terjeszt\u00e9si<br>sz\u00e1nd\u00e9kkal t\u00f6rt\u00e9n\u0151 kinyomtat\u00e1s\u00e1hoz. Terjeszt\u00e9si sz\u00e1nd\u00e9kkal t\u00f6rt\u00e9n\u0151 m\u00e1sol\u00e1shoz az<br>\u00dczemeltet\u0151 \u00edr\u00e1sbeli hozz\u00e1j\u00e1rul\u00e1sa sz\u00fcks\u00e9ges. A szab\u00e1lyzat szempontj\u00e1b\u00f3l terjeszt\u00e9snek<br>min\u0151s\u00fcl a lap t\u00f6bbsz\u00f6r\u00f6z\u00f6tt r\u00e9sz\u00e9nek tov\u00e1bbi felhaszn\u00e1l\u00e1sa, adatb\u00e1zisban t\u00f6rt\u00e9n\u0151 t\u00e1rol\u00e1sa,<br>let\u00f6lthet\u0151v\u00e9 t\u00e9tele, kereskedelmi forgalomba hozatala.<\/li>\n\n\n\n<li>M\u00f3dos\u00edt\u00e1sok<br>Az \u00dczemeltet\u0151 b\u00e1rmikor, \u00e9rtes\u00edt\u00e9s n\u00e9lk\u00fcl, r\u00e9szben vagy eg\u00e9szben m\u00f3dos\u00edthatja vagy<br>elt\u00e1vol\u00edthatja a Tartalmat. Az \u00dczemeltet\u0151 az itt k\u00f6z\u00f6lteket friss\u00edtve id\u0151r\u0151l id\u0151re m\u00f3dos\u00edthatja<br>jelen felt\u00e9teleket. A Felhaszn\u00e1l\u00f3 a Weboldal haszn\u00e1lat\u00e1val beleegyezik, hogy k\u00f6telez\u0151nek<br>tekinti ezeket a m\u00f3dos\u00edt\u00e1sokat, \u00e9s v\u00e1llalja, hogy rendszeresen megnyitja ezt az oldalt, hogy<br>l\u00e1ssa, milyen felt\u00e9teleket k\u00f6teles betartani.<\/li>\n\n\n\n<li>K\u00fcls\u0151 hivatkoz\u00e1sok<br>Hogy min\u00e9l \u00e9rt\u00e9kesebb tartalmat biztos\u00edtson l\u00e1togat\u00f3inak, az \u00dczemeltet\u0151 k\u00fcl\u00f6nb\u00f6z\u0151 k\u00fcls\u0151<br>weboldalakra hivatkozhat a weboldalr\u00f3l. K\u00fcls\u0151 oldalakra mutat\u00f3 hivatkoz\u00e1sok megnyit\u00e1sakor<br>m\u00e9g az adott oldalak haszn\u00e1lata el\u0151tt k\u00f6teles \u00e1ttanulm\u00e1nyozni \u00e9s elfogadni azok haszn\u00e1lati<br>felt\u00e9teleit.<\/li>\n<\/ol>\n","protected":false},"excerpt":{"rendered":"<p>Ezt a weboldalt (a tov\u00e1bbiakban: Weboldal) \u00e9s a Weboldalon tal\u00e1lhat\u00f3 minden inform\u00e1ci\u00f3t,sz\u00f6veget, szoftvert, fot\u00f3t, k\u00e9pet, vide\u00f3t, programk\u00f3dot, grafik\u00e1t, hangot \u00e9s egy\u00e9b anyagot(egy\u00fcttesen: Tartalom) az Mft Plusz Bt. (a tov\u00e1bbiakban: \u00dczemeltet\u0151)&hellip;<a href=\"https:\/\/mftprojektkezelo.hu\/index.php\/privacy-policy\/\" class=\"more-link\"><span class=\"more-button\">Continue reading<span class=\"screen-reader-text\">Felhaszn\u00e1l\u00e1si Felt\u00e9telek<\/span><\/span><\/a><\/p>\n","protected":false},"author":1,"featured_media":0,"parent":0,"menu_order":0,"comment_status":"closed","ping_status":"closed","template":"templates\/full-width-page.php","meta":{"footnotes":""},"class_list":["post-3","page","type-page","status-publish","hentry"],"yoast_head":"<!-- This site is optimized with the Yoast SEO plugin v27.2 - https:\/\/yoast.com\/product\/yoast-seo-wordpress\/ -->\n<title>Felhaszn\u00e1l\u00e1si Felt\u00e9telek - Mft ProjektKezel\u0151 Kft<\/title>\n<meta name=\"robots\" content=\"index, follow, max-snippet:-1, max-image-preview:large, max-video-preview:-1\" \/>\n<link rel=\"canonical\" href=\"https:\/\/mftprojektkezelo.hu\/index.php\/privacy-policy\/\" \/>\n<meta property=\"og:locale\" content=\"en_US\" \/>\n<meta property=\"og:type\" content=\"article\" \/>\n<meta property=\"og:title\" content=\"Felhaszn\u00e1l\u00e1si Felt\u00e9telek - Mft ProjektKezel\u0151 Kft\" \/>\n<meta property=\"og:description\" content=\"Ezt a weboldalt (a tov\u00e1bbiakban: Weboldal) \u00e9s a Weboldalon tal\u00e1lhat\u00f3 minden inform\u00e1ci\u00f3t,sz\u00f6veget, szoftvert, fot\u00f3t, k\u00e9pet, vide\u00f3t, programk\u00f3dot, grafik\u00e1t, hangot \u00e9s egy\u00e9b anyagot(egy\u00fcttesen: Tartalom) az Mft Plusz Bt. (a tov\u00e1bbiakban: \u00dczemeltet\u0151)&hellip;Continue readingFelhaszn\u00e1l\u00e1si Felt\u00e9telek\" \/>\n<meta property=\"og:url\" content=\"https:\/\/mftprojektkezelo.hu\/index.php\/privacy-policy\/\" \/>\n<meta property=\"og:site_name\" content=\"Mft ProjektKezel\u0151 Kft\" \/>\n<meta property=\"article:publisher\" content=\"https:\/\/www.facebook.com\/jozsef.marosvolgyi.3\" \/>\n<meta property=\"article:modified_time\" content=\"2023-07-09T10:53:15+00:00\" \/>\n<meta name=\"twitter:card\" content=\"summary_large_image\" \/>\n<meta name=\"twitter:label1\" content=\"Est. reading time\" \/>\n\t<meta name=\"twitter:data1\" content=\"5 minutes\" \/>\n<script type=\"application\/ld+json\" class=\"yoast-schema-graph\">{\"@context\":\"https:\/\/schema.org\",\"@graph\":[{\"@type\":\"WebPage\",\"@id\":\"https:\/\/mftprojektkezelo.hu\/index.php\/privacy-policy\/\",\"url\":\"https:\/\/mftprojektkezelo.hu\/index.php\/privacy-policy\/\",\"name\":\"Felhaszn\u00e1l\u00e1si Felt\u00e9telek - Mft ProjektKezel\u0151 Kft\",\"isPartOf\":{\"@id\":\"https:\/\/mftprojektkezelo.hu\/#website\"},\"datePublished\":\"2023-04-30T11:41:22+00:00\",\"dateModified\":\"2023-07-09T10:53:15+00:00\",\"breadcrumb\":{\"@id\":\"https:\/\/mftprojektkezelo.hu\/index.php\/privacy-policy\/#breadcrumb\"},\"inLanguage\":\"en-US\",\"potentialAction\":[{\"@type\":\"ReadAction\",\"target\":[\"https:\/\/mftprojektkezelo.hu\/index.php\/privacy-policy\/\"]}]},{\"@type\":\"BreadcrumbList\",\"@id\":\"https:\/\/mftprojektkezelo.hu\/index.php\/privacy-policy\/#breadcrumb\",\"itemListElement\":[{\"@type\":\"ListItem\",\"position\":1,\"name\":\"Home\",\"item\":\"https:\/\/mftprojektkezelo.hu\/\"},{\"@type\":\"ListItem\",\"position\":2,\"name\":\"Felhaszn\u00e1l\u00e1si Felt\u00e9telek\"}]},{\"@type\":\"WebSite\",\"@id\":\"https:\/\/mftprojektkezelo.hu\/#website\",\"url\":\"https:\/\/mftprojektkezelo.hu\/\",\"name\":\"Mft ProjektKezel\u0151 Kft\",\"description\":\"\u2026 j\u00f3 kezekben, az \u00d6n \u00e9rdek\u00e9ben \u2026\",\"potentialAction\":[{\"@type\":\"SearchAction\",\"target\":{\"@type\":\"EntryPoint\",\"urlTemplate\":\"https:\/\/mftprojektkezelo.hu\/?s={search_term_string}\"},\"query-input\":{\"@type\":\"PropertyValueSpecification\",\"valueRequired\":true,\"valueName\":\"search_term_string\"}}],\"inLanguage\":\"en-US\"}]}<\/script>\n<!-- \/ Yoast SEO plugin. -->","yoast_head_json":{"title":"Felhaszn\u00e1l\u00e1si Felt\u00e9telek - Mft ProjektKezel\u0151 Kft","robots":{"index":"index","follow":"follow","max-snippet":"max-snippet:-1","max-image-preview":"max-image-preview:large","max-video-preview":"max-video-preview:-1"},"canonical":"https:\/\/mftprojektkezelo.hu\/index.php\/privacy-policy\/","og_locale":"en_US","og_type":"article","og_title":"Felhaszn\u00e1l\u00e1si Felt\u00e9telek - Mft ProjektKezel\u0151 Kft","og_description":"Ezt a weboldalt (a tov\u00e1bbiakban: Weboldal) \u00e9s a Weboldalon tal\u00e1lhat\u00f3 minden inform\u00e1ci\u00f3t,sz\u00f6veget, szoftvert, fot\u00f3t, k\u00e9pet, vide\u00f3t, programk\u00f3dot, grafik\u00e1t, hangot \u00e9s egy\u00e9b anyagot(egy\u00fcttesen: Tartalom) az Mft Plusz Bt. (a tov\u00e1bbiakban: \u00dczemeltet\u0151)&hellip;Continue readingFelhaszn\u00e1l\u00e1si Felt\u00e9telek","og_url":"https:\/\/mftprojektkezelo.hu\/index.php\/privacy-policy\/","og_site_name":"Mft ProjektKezel\u0151 Kft","article_publisher":"https:\/\/www.facebook.com\/jozsef.marosvolgyi.3","article_modified_time":"2023-07-09T10:53:15+00:00","twitter_card":"summary_large_image","twitter_misc":{"Est. reading time":"5 minutes"},"schema":{"@context":"https:\/\/schema.org","@graph":[{"@type":"WebPage","@id":"https:\/\/mftprojektkezelo.hu\/index.php\/privacy-policy\/","url":"https:\/\/mftprojektkezelo.hu\/index.php\/privacy-policy\/","name":"Felhaszn\u00e1l\u00e1si Felt\u00e9telek - Mft ProjektKezel\u0151 Kft","isPartOf":{"@id":"https:\/\/mftprojektkezelo.hu\/#website"},"datePublished":"2023-04-30T11:41:22+00:00","dateModified":"2023-07-09T10:53:15+00:00","breadcrumb":{"@id":"https:\/\/mftprojektkezelo.hu\/index.php\/privacy-policy\/#breadcrumb"},"inLanguage":"en-US","potentialAction":[{"@type":"ReadAction","target":["https:\/\/mftprojektkezelo.hu\/index.php\/privacy-policy\/"]}]},{"@type":"BreadcrumbList","@id":"https:\/\/mftprojektkezelo.hu\/index.php\/privacy-policy\/#breadcrumb","itemListElement":[{"@type":"ListItem","position":1,"name":"Home","item":"https:\/\/mftprojektkezelo.hu\/"},{"@type":"ListItem","position":2,"name":"Felhaszn\u00e1l\u00e1si Felt\u00e9telek"}]},{"@type":"WebSite","@id":"https:\/\/mftprojektkezelo.hu\/#website","url":"https:\/\/mftprojektkezelo.hu\/","name":"Mft ProjektKezel\u0151 Kft","description":"\u2026 j\u00f3 kezekben, az \u00d6n \u00e9rdek\u00e9ben \u2026","potentialAction":[{"@type":"SearchAction","target":{"@type":"EntryPoint","urlTemplate":"https:\/\/mftprojektkezelo.hu\/?s={search_term_string}"},"query-input":{"@type":"PropertyValueSpecification","valueRequired":true,"valueName":"search_term_string"}}],"inLanguage":"en-US"}]}},"_links":{"self":[{"href":"https:\/\/mftprojektkezelo.hu\/index.php\/wp-json\/wp\/v2\/pages\/3","targetHints":{"allow":["GET"]}}],"collection":[{"href":"https:\/\/mftprojektkezelo.hu\/index.php\/wp-json\/wp\/v2\/pages"}],"about":[{"href":"https:\/\/mftprojektkezelo.hu\/index.php\/wp-json\/wp\/v2\/types\/page"}],"author":[{"embeddable":true,"href":"https:\/\/mftprojektkezelo.hu\/index.php\/wp-json\/wp\/v2\/users\/1"}],"replies":[{"embeddable":true,"href":"https:\/\/mftprojektkezelo.hu\/index.php\/wp-json\/wp\/v2\/comments?post=3"}],"version-history":[{"count":6,"href":"https:\/\/mftprojektkezelo.hu\/index.php\/wp-json\/wp\/v2\/pages\/3\/revisions"}],"predecessor-version":[{"id":59,"href":"https:\/\/mftprojektkezelo.hu\/index.php\/wp-json\/wp\/v2\/pages\/3\/revisions\/59"}],"wp:attachment":[{"href":"https:\/\/mftprojektkezelo.hu\/index.php\/wp-json\/wp\/v2\/media?parent=3"}],"curies":[{"name":"wp","href":"https:\/\/api.w.org\/{rel}","templated":true}]}}