{"id":67,"date":"2023-07-09T11:23:55","date_gmt":"2023-07-09T11:23:55","guid":{"rendered":"https:\/\/mftprojektkezelo.hu\/?page_id=67"},"modified":"2023-07-14T16:27:59","modified_gmt":"2023-07-14T16:27:59","slug":"karrier","status":"publish","type":"page","link":"https:\/\/mftprojektkezelo.hu\/index.php\/karrier\/","title":{"rendered":"Karrier"},"content":{"rendered":"\n<p>C\u00e9g\u00fcnk egy dinamikusan fejl\u0151d\u0151, hossz\u00fa ideje a piacon m\u0171k\u00f6d\u0151 v\u00e1llalat, mely sz\u00edvesen v\u00e1rja azokat az embereket, akik csatlakozni szeretn\u00e9nek csapatunkhoz! Jelentkezni az al\u00e1bbi \u0171rlap kit\u00f6lt\u00e9s\u00e9vel tudnak, ami ut\u00e1n felvessz\u00fck \u00f6n\u00f6kkel a kapcsolatot.<\/p>\n\n\n\n<p>Jelenleg az al\u00e1bbi pozici\u00f3kba tartunk felv\u00e9telt:<\/p>\n\n\n\n<ul class=\"wp-block-list\">\n<li>Szobal\u00e1ny<\/li>\n\n\n\n<li>Emeleti Lond\u00edner<\/li>\n\n\n\n<li>Supervisor\/Gondnokn\u0151<\/li>\n\n\n\n<li>Recepci\u00f3s<\/li>\n\n\n\n<li>Karbantart\u00f3 manager<\/li>\n\n\n\n<li>hr generalist<\/li>\n<\/ul>\n\n\n\n<p>Munka r\u00e9szletek sat\u00f6bbi<\/p>\n\n\n\n<h2 class=\"wp-block-heading\">Jelentkez\u00e9s<\/h2>\n\n\n<form id=\"forminator-module-73\" class=\"forminator-custom-form forminator-custom-form-73\" method=\"post\" data-forminator-render=\"0\" data-uid=\"69ff263a03962\"><div role=\"alert\" aria-live=\"polite\" class=\"forminator-response-message forminator-error\" aria-hidden=\"true\"><\/div><\/form>\n","protected":false},"excerpt":{"rendered":"<p>C\u00e9g\u00fcnk egy dinamikusan fejl\u0151d\u0151, hossz\u00fa ideje a piacon m\u0171k\u00f6d\u0151 v\u00e1llalat, mely sz\u00edvesen v\u00e1rja azokat az embereket, akik csatlakozni szeretn\u00e9nek csapatunkhoz! Jelentkezni az al\u00e1bbi \u0171rlap kit\u00f6lt\u00e9s\u00e9vel tudnak, ami ut\u00e1n felvessz\u00fck \u00f6n\u00f6kkel&hellip;<a href=\"https:\/\/mftprojektkezelo.hu\/index.php\/karrier\/\" class=\"more-link\"><span class=\"more-button\">Continue reading<span class=\"screen-reader-text\">Karrier<\/span><\/span><\/a><\/p>\n","protected":false},"author":1,"featured_media":0,"parent":0,"menu_order":0,"comment_status":"closed","ping_status":"closed","template":"templates\/full-width-page.php","meta":{"footnotes":""},"class_list":["post-67","page","type-page","status-publish","hentry"],"yoast_head":"<!-- This site is optimized with the Yoast SEO plugin v27.2 - https:\/\/yoast.com\/product\/yoast-seo-wordpress\/ -->\n<title>Karrier - Mft ProjektKezel\u0151 Kft<\/title>\n<meta name=\"robots\" content=\"index, follow, max-snippet:-1, max-image-preview:large, max-video-preview:-1\" \/>\n<link rel=\"canonical\" href=\"https:\/\/mftprojektkezelo.hu\/index.php\/karrier\/\" \/>\n<meta property=\"og:locale\" content=\"en_US\" \/>\n<meta property=\"og:type\" content=\"article\" \/>\n<meta property=\"og:title\" content=\"Karrier - Mft ProjektKezel\u0151 Kft\" \/>\n<meta property=\"og:description\" content=\"C\u00e9g\u00fcnk egy dinamikusan fejl\u0151d\u0151, hossz\u00fa ideje a piacon m\u0171k\u00f6d\u0151 v\u00e1llalat, mely sz\u00edvesen v\u00e1rja azokat az embereket, akik csatlakozni szeretn\u00e9nek csapatunkhoz! Jelentkezni az al\u00e1bbi \u0171rlap kit\u00f6lt\u00e9s\u00e9vel tudnak, ami ut\u00e1n felvessz\u00fck \u00f6n\u00f6kkel&hellip;Continue readingKarrier\" \/>\n<meta property=\"og:url\" content=\"https:\/\/mftprojektkezelo.hu\/index.php\/karrier\/\" \/>\n<meta property=\"og:site_name\" content=\"Mft ProjektKezel\u0151 Kft\" \/>\n<meta property=\"article:publisher\" content=\"https:\/\/www.facebook.com\/jozsef.marosvolgyi.3\" \/>\n<meta property=\"article:modified_time\" content=\"2023-07-14T16:27:59+00:00\" \/>\n<meta name=\"twitter:card\" content=\"summary_large_image\" \/>\n<script type=\"application\/ld+json\" class=\"yoast-schema-graph\">{\"@context\":\"https:\/\/schema.org\",\"@graph\":[{\"@type\":\"WebPage\",\"@id\":\"https:\/\/mftprojektkezelo.hu\/index.php\/karrier\/\",\"url\":\"https:\/\/mftprojektkezelo.hu\/index.php\/karrier\/\",\"name\":\"Karrier - Mft ProjektKezel\u0151 Kft\",\"isPartOf\":{\"@id\":\"https:\/\/mftprojektkezelo.hu\/#website\"},\"datePublished\":\"2023-07-09T11:23:55+00:00\",\"dateModified\":\"2023-07-14T16:27:59+00:00\",\"breadcrumb\":{\"@id\":\"https:\/\/mftprojektkezelo.hu\/index.php\/karrier\/#breadcrumb\"},\"inLanguage\":\"en-US\",\"potentialAction\":[{\"@type\":\"ReadAction\",\"target\":[\"https:\/\/mftprojektkezelo.hu\/index.php\/karrier\/\"]}]},{\"@type\":\"BreadcrumbList\",\"@id\":\"https:\/\/mftprojektkezelo.hu\/index.php\/karrier\/#breadcrumb\",\"itemListElement\":[{\"@type\":\"ListItem\",\"position\":1,\"name\":\"Home\",\"item\":\"https:\/\/mftprojektkezelo.hu\/\"},{\"@type\":\"ListItem\",\"position\":2,\"name\":\"Karrier\"}]},{\"@type\":\"WebSite\",\"@id\":\"https:\/\/mftprojektkezelo.hu\/#website\",\"url\":\"https:\/\/mftprojektkezelo.hu\/\",\"name\":\"Mft ProjektKezel\u0151 Kft\",\"description\":\"\u2026 j\u00f3 kezekben, az \u00d6n \u00e9rdek\u00e9ben \u2026\",\"potentialAction\":[{\"@type\":\"SearchAction\",\"target\":{\"@type\":\"EntryPoint\",\"urlTemplate\":\"https:\/\/mftprojektkezelo.hu\/?s={search_term_string}\"},\"query-input\":{\"@type\":\"PropertyValueSpecification\",\"valueRequired\":true,\"valueName\":\"search_term_string\"}}],\"inLanguage\":\"en-US\"}]}<\/script>\n<!-- \/ Yoast SEO plugin. -->","yoast_head_json":{"title":"Karrier - Mft ProjektKezel\u0151 Kft","robots":{"index":"index","follow":"follow","max-snippet":"max-snippet:-1","max-image-preview":"max-image-preview:large","max-video-preview":"max-video-preview:-1"},"canonical":"https:\/\/mftprojektkezelo.hu\/index.php\/karrier\/","og_locale":"en_US","og_type":"article","og_title":"Karrier - Mft ProjektKezel\u0151 Kft","og_description":"C\u00e9g\u00fcnk egy dinamikusan fejl\u0151d\u0151, hossz\u00fa ideje a piacon m\u0171k\u00f6d\u0151 v\u00e1llalat, mely sz\u00edvesen v\u00e1rja azokat az embereket, akik csatlakozni szeretn\u00e9nek csapatunkhoz! Jelentkezni az al\u00e1bbi \u0171rlap kit\u00f6lt\u00e9s\u00e9vel tudnak, ami ut\u00e1n felvessz\u00fck \u00f6n\u00f6kkel&hellip;Continue readingKarrier","og_url":"https:\/\/mftprojektkezelo.hu\/index.php\/karrier\/","og_site_name":"Mft ProjektKezel\u0151 Kft","article_publisher":"https:\/\/www.facebook.com\/jozsef.marosvolgyi.3","article_modified_time":"2023-07-14T16:27:59+00:00","twitter_card":"summary_large_image","schema":{"@context":"https:\/\/schema.org","@graph":[{"@type":"WebPage","@id":"https:\/\/mftprojektkezelo.hu\/index.php\/karrier\/","url":"https:\/\/mftprojektkezelo.hu\/index.php\/karrier\/","name":"Karrier - Mft ProjektKezel\u0151 Kft","isPartOf":{"@id":"https:\/\/mftprojektkezelo.hu\/#website"},"datePublished":"2023-07-09T11:23:55+00:00","dateModified":"2023-07-14T16:27:59+00:00","breadcrumb":{"@id":"https:\/\/mftprojektkezelo.hu\/index.php\/karrier\/#breadcrumb"},"inLanguage":"en-US","potentialAction":[{"@type":"ReadAction","target":["https:\/\/mftprojektkezelo.hu\/index.php\/karrier\/"]}]},{"@type":"BreadcrumbList","@id":"https:\/\/mftprojektkezelo.hu\/index.php\/karrier\/#breadcrumb","itemListElement":[{"@type":"ListItem","position":1,"name":"Home","item":"https:\/\/mftprojektkezelo.hu\/"},{"@type":"ListItem","position":2,"name":"Karrier"}]},{"@type":"WebSite","@id":"https:\/\/mftprojektkezelo.hu\/#website","url":"https:\/\/mftprojektkezelo.hu\/","name":"Mft ProjektKezel\u0151 Kft","description":"\u2026 j\u00f3 kezekben, az \u00d6n \u00e9rdek\u00e9ben \u2026","potentialAction":[{"@type":"SearchAction","target":{"@type":"EntryPoint","urlTemplate":"https:\/\/mftprojektkezelo.hu\/?s={search_term_string}"},"query-input":{"@type":"PropertyValueSpecification","valueRequired":true,"valueName":"search_term_string"}}],"inLanguage":"en-US"}]}},"_links":{"self":[{"href":"https:\/\/mftprojektkezelo.hu\/index.php\/wp-json\/wp\/v2\/pages\/67","targetHints":{"allow":["GET"]}}],"collection":[{"href":"https:\/\/mftprojektkezelo.hu\/index.php\/wp-json\/wp\/v2\/pages"}],"about":[{"href":"https:\/\/mftprojektkezelo.hu\/index.php\/wp-json\/wp\/v2\/types\/page"}],"author":[{"embeddable":true,"href":"https:\/\/mftprojektkezelo.hu\/index.php\/wp-json\/wp\/v2\/users\/1"}],"replies":[{"embeddable":true,"href":"https:\/\/mftprojektkezelo.hu\/index.php\/wp-json\/wp\/v2\/comments?post=67"}],"version-history":[{"count":4,"href":"https:\/\/mftprojektkezelo.hu\/index.php\/wp-json\/wp\/v2\/pages\/67\/revisions"}],"predecessor-version":[{"id":82,"href":"https:\/\/mftprojektkezelo.hu\/index.php\/wp-json\/wp\/v2\/pages\/67\/revisions\/82"}],"wp:attachment":[{"href":"https:\/\/mftprojektkezelo.hu\/index.php\/wp-json\/wp\/v2\/media?parent=67"}],"curies":[{"name":"wp","href":"https:\/\/api.w.org\/{rel}","templated":true}]}}